{"id":1619,"date":"2019-09-23T12:54:53","date_gmt":"2019-09-23T10:54:53","guid":{"rendered":"https:\/\/www.galeria-bemowo.pl\/?page_id=1619"},"modified":"2023-01-27T10:53:51","modified_gmt":"2023-01-27T09:53:51","slug":"about-us","status":"publish","type":"page","link":"https:\/\/www.galeria-bemowo.pl\/en\/about-us\/","title":{"rendered":"About us"},"content":{"rendered":"<p><strong>Bemowo Shopping Center<\/strong><br \/>\nPowsta\u0144c\u00f3w \u015al\u0105skich 126 st.<br \/>\n01-466 Warszawa<\/p>\n<p>tel.: <a href=\"tel:225697290\">22 569 72 90<\/a><br \/>\ne-mail: <b><a href=\"mailto:bemowo@cbre.com\">bemowo@cbre.com<\/a><\/b><\/p>\n<h4>Opening hours<\/h4>\n<p><strong>Shopping mall:<\/strong><br \/>\nMonday &#8211; Saturday: 10:00 a.m. \u2013 21:00 p.m.<br \/>\nshopping Sunday: 10:00 a.m. \u2013 20:00 p.m.<\/p>\n<p><strong>Carrefour hypermarket:<\/strong><br \/>\nMonday &#8211; Saturday: 8:00 a.m. \u2013 22:00 p.m.<br \/>\nshopping Sunday: 9:00 a.m. \u2013 21:00 p.m.<\/p>\n<h4>Key Numbers:<\/h4>\n<p>Opening date: 1999<br \/>\nLeasable area: 29 800 m2<br \/>\nParking spaces: 944<br \/>\nPotential customer zone: 243 000<br \/>\nKey tenants: Carrefour, Cinema City, RTV Euro AGD, KFC, Yes, Vision Express, Pizza Hut<br \/>\nShops: 69 +<br \/>\nMedium surface stores: 5<br \/>\nRestaurants and cafes: 6<\/p>\n<p><strong>Galeria Bemowo\u00a0administrator<\/strong><br \/>\n<img decoding=\"async\" class=\"alignnone size-full wp-image-5196\" src=\"https:\/\/www.galeria-bemowo.pl\/wp-content\/uploads\/2022\/05\/cbre_green.png\" alt=\"\" width=\"300\" height=\"auto\" srcset=\"https:\/\/www.galeria-bemowo.pl\/wp-content\/uploads\/2022\/05\/cbre_green.png 598w, https:\/\/www.galeria-bemowo.pl\/wp-content\/uploads\/2022\/05\/cbre_green-300x80.png 300w\" sizes=\"(max-width: 598px) 100vw, 598px\" \/><\/p>\n","protected":false},"excerpt":{"rendered":"<p>Bemowo Shopping Center Powsta\u0144c\u00f3w \u015al\u0105skich 126 st. 01-466 Warszawa tel.: 22 569 72 90 e-mail: bemowo@cbre.com Opening hours Shopping mall: Monday &#8211; Saturday: 10:00 a.m. \u2013 21:00 p.m. shopping Sunday: [&hellip;]<\/p>\n","protected":false},"author":1,"featured_media":0,"parent":0,"menu_order":7,"comment_status":"closed","ping_status":"closed","template":"page-templates\/about.php","meta":{"_acf_changed":false,"footnotes":""},"class_list":["post-1619","page","type-page","status-publish","hentry"],"acf":[],"yoast_head":"<!-- This site is optimized with the Yoast SEO plugin v23.4 - https:\/\/yoast.com\/wordpress\/plugins\/seo\/ -->\n<title>About us - Bemowo<\/title>\n<meta name=\"robots\" content=\"index, follow, max-snippet:-1, max-image-preview:large, max-video-preview:-1\" \/>\n<link rel=\"canonical\" href=\"https:\/\/www.galeria-bemowo.pl\/o-centrum\/\" \/>\n<meta property=\"og:locale\" content=\"en_US\" \/>\n<meta property=\"og:type\" content=\"article\" \/>\n<meta property=\"og:title\" content=\"About us - Bemowo\" \/>\n<meta property=\"og:description\" content=\"Bemowo Shopping Center Powsta\u0144c\u00f3w \u015al\u0105skich 126 st. 01-466 Warszawa tel.: 22 569 72 90 e-mail: bemowo@cbre.com Opening hours Shopping mall: Monday &#8211; Saturday: 10:00 a.m. \u2013 21:00 p.m. shopping Sunday: [&hellip;]\" \/>\n<meta property=\"og:url\" content=\"https:\/\/www.galeria-bemowo.pl\/o-centrum\/\" \/>\n<meta property=\"og:site_name\" content=\"Bemowo\" \/>\n<meta property=\"article:publisher\" content=\"https:\/\/www.facebook.com\/GaleriaBemowo\/\" \/>\n<meta property=\"article:modified_time\" content=\"2023-01-27T09:53:51+00:00\" \/>\n<meta property=\"og:image\" content=\"https:\/\/www.galeria-bemowo.pl\/wp-content\/uploads\/2022\/05\/cbre_green.png\" \/>\n<meta name=\"twitter:card\" content=\"summary_large_image\" \/>\n<script type=\"application\/ld+json\" class=\"yoast-schema-graph\">{\"@context\":\"https:\/\/schema.org\",\"@graph\":[{\"@type\":\"WebPage\",\"@id\":\"https:\/\/www.galeria-bemowo.pl\/o-centrum\/\",\"url\":\"https:\/\/www.galeria-bemowo.pl\/o-centrum\/\",\"name\":\"About us - Bemowo\",\"isPartOf\":{\"@id\":\"https:\/\/www.galeria-bemowo.pl\/#website\"},\"primaryImageOfPage\":{\"@id\":\"https:\/\/www.galeria-bemowo.pl\/o-centrum\/#primaryimage\"},\"image\":{\"@id\":\"https:\/\/www.galeria-bemowo.pl\/o-centrum\/#primaryimage\"},\"thumbnailUrl\":\"https:\/\/www.galeria-bemowo.pl\/wp-content\/uploads\/2022\/05\/cbre_green.png\",\"datePublished\":\"2019-09-23T10:54:53+00:00\",\"dateModified\":\"2023-01-27T09:53:51+00:00\",\"breadcrumb\":{\"@id\":\"https:\/\/www.galeria-bemowo.pl\/o-centrum\/#breadcrumb\"},\"inLanguage\":\"en-US\",\"potentialAction\":[{\"@type\":\"ReadAction\",\"target\":[\"https:\/\/www.galeria-bemowo.pl\/o-centrum\/\"]}]},{\"@type\":\"ImageObject\",\"inLanguage\":\"en-US\",\"@id\":\"https:\/\/www.galeria-bemowo.pl\/o-centrum\/#primaryimage\",\"url\":\"https:\/\/www.galeria-bemowo.pl\/wp-content\/uploads\/2022\/05\/cbre_green.png\",\"contentUrl\":\"https:\/\/www.galeria-bemowo.pl\/wp-content\/uploads\/2022\/05\/cbre_green.png\"},{\"@type\":\"BreadcrumbList\",\"@id\":\"https:\/\/www.galeria-bemowo.pl\/o-centrum\/#breadcrumb\",\"itemListElement\":[{\"@type\":\"ListItem\",\"position\":1,\"name\":\"Strona g\u0142\u00f3wna\",\"item\":\"https:\/\/www.galeria-bemowo.pl\/en\/\"},{\"@type\":\"ListItem\",\"position\":2,\"name\":\"About us\"}]},{\"@type\":\"WebSite\",\"@id\":\"https:\/\/www.galeria-bemowo.pl\/#website\",\"url\":\"https:\/\/www.galeria-bemowo.pl\/\",\"name\":\"Bemowo\",\"description\":\"\",\"publisher\":{\"@id\":\"https:\/\/www.galeria-bemowo.pl\/#organization\"},\"potentialAction\":[{\"@type\":\"SearchAction\",\"target\":{\"@type\":\"EntryPoint\",\"urlTemplate\":\"https:\/\/www.galeria-bemowo.pl\/?s={search_term_string}\"},\"query-input\":{\"@type\":\"PropertyValueSpecification\",\"valueRequired\":true,\"valueName\":\"search_term_string\"}}],\"inLanguage\":\"en-US\"},{\"@type\":\"Organization\",\"@id\":\"https:\/\/www.galeria-bemowo.pl\/#organization\",\"name\":\"Galeria Bemowo\",\"url\":\"https:\/\/www.galeria-bemowo.pl\/\",\"logo\":{\"@type\":\"ImageObject\",\"inLanguage\":\"en-US\",\"@id\":\"https:\/\/www.galeria-bemowo.pl\/#\/schema\/logo\/image\/\",\"url\":\"https:\/\/www.galeria-bemowo.pl\/wp-content\/uploads\/2019\/08\/logo-bemowo_2.png\",\"contentUrl\":\"https:\/\/www.galeria-bemowo.pl\/wp-content\/uploads\/2019\/08\/logo-bemowo_2.png\",\"width\":310,\"height\":217,\"caption\":\"Galeria Bemowo\"},\"image\":{\"@id\":\"https:\/\/www.galeria-bemowo.pl\/#\/schema\/logo\/image\/\"},\"sameAs\":[\"https:\/\/www.facebook.com\/GaleriaBemowo\/\"]}]}<\/script>\n<!-- \/ Yoast SEO plugin. -->","yoast_head_json":{"title":"About us - Bemowo","robots":{"index":"index","follow":"follow","max-snippet":"max-snippet:-1","max-image-preview":"max-image-preview:large","max-video-preview":"max-video-preview:-1"},"canonical":"https:\/\/www.galeria-bemowo.pl\/o-centrum\/","og_locale":"en_US","og_type":"article","og_title":"About us - Bemowo","og_description":"Bemowo Shopping Center Powsta\u0144c\u00f3w \u015al\u0105skich 126 st. 01-466 Warszawa tel.: 22 569 72 90 e-mail: bemowo@cbre.com Opening hours Shopping mall: Monday &#8211; Saturday: 10:00 a.m. \u2013 21:00 p.m. shopping Sunday: [&hellip;]","og_url":"https:\/\/www.galeria-bemowo.pl\/o-centrum\/","og_site_name":"Bemowo","article_publisher":"https:\/\/www.facebook.com\/GaleriaBemowo\/","article_modified_time":"2023-01-27T09:53:51+00:00","og_image":[{"url":"https:\/\/www.galeria-bemowo.pl\/wp-content\/uploads\/2022\/05\/cbre_green.png"}],"twitter_card":"summary_large_image","schema":{"@context":"https:\/\/schema.org","@graph":[{"@type":"WebPage","@id":"https:\/\/www.galeria-bemowo.pl\/o-centrum\/","url":"https:\/\/www.galeria-bemowo.pl\/o-centrum\/","name":"About us - Bemowo","isPartOf":{"@id":"https:\/\/www.galeria-bemowo.pl\/#website"},"primaryImageOfPage":{"@id":"https:\/\/www.galeria-bemowo.pl\/o-centrum\/#primaryimage"},"image":{"@id":"https:\/\/www.galeria-bemowo.pl\/o-centrum\/#primaryimage"},"thumbnailUrl":"https:\/\/www.galeria-bemowo.pl\/wp-content\/uploads\/2022\/05\/cbre_green.png","datePublished":"2019-09-23T10:54:53+00:00","dateModified":"2023-01-27T09:53:51+00:00","breadcrumb":{"@id":"https:\/\/www.galeria-bemowo.pl\/o-centrum\/#breadcrumb"},"inLanguage":"en-US","potentialAction":[{"@type":"ReadAction","target":["https:\/\/www.galeria-bemowo.pl\/o-centrum\/"]}]},{"@type":"ImageObject","inLanguage":"en-US","@id":"https:\/\/www.galeria-bemowo.pl\/o-centrum\/#primaryimage","url":"https:\/\/www.galeria-bemowo.pl\/wp-content\/uploads\/2022\/05\/cbre_green.png","contentUrl":"https:\/\/www.galeria-bemowo.pl\/wp-content\/uploads\/2022\/05\/cbre_green.png"},{"@type":"BreadcrumbList","@id":"https:\/\/www.galeria-bemowo.pl\/o-centrum\/#breadcrumb","itemListElement":[{"@type":"ListItem","position":1,"name":"Strona g\u0142\u00f3wna","item":"https:\/\/www.galeria-bemowo.pl\/en\/"},{"@type":"ListItem","position":2,"name":"About us"}]},{"@type":"WebSite","@id":"https:\/\/www.galeria-bemowo.pl\/#website","url":"https:\/\/www.galeria-bemowo.pl\/","name":"Bemowo","description":"","publisher":{"@id":"https:\/\/www.galeria-bemowo.pl\/#organization"},"potentialAction":[{"@type":"SearchAction","target":{"@type":"EntryPoint","urlTemplate":"https:\/\/www.galeria-bemowo.pl\/?s={search_term_string}"},"query-input":{"@type":"PropertyValueSpecification","valueRequired":true,"valueName":"search_term_string"}}],"inLanguage":"en-US"},{"@type":"Organization","@id":"https:\/\/www.galeria-bemowo.pl\/#organization","name":"Galeria Bemowo","url":"https:\/\/www.galeria-bemowo.pl\/","logo":{"@type":"ImageObject","inLanguage":"en-US","@id":"https:\/\/www.galeria-bemowo.pl\/#\/schema\/logo\/image\/","url":"https:\/\/www.galeria-bemowo.pl\/wp-content\/uploads\/2019\/08\/logo-bemowo_2.png","contentUrl":"https:\/\/www.galeria-bemowo.pl\/wp-content\/uploads\/2019\/08\/logo-bemowo_2.png","width":310,"height":217,"caption":"Galeria Bemowo"},"image":{"@id":"https:\/\/www.galeria-bemowo.pl\/#\/schema\/logo\/image\/"},"sameAs":["https:\/\/www.facebook.com\/GaleriaBemowo\/"]}]}},"_links":{"self":[{"href":"https:\/\/www.galeria-bemowo.pl\/en\/wp-json\/wp\/v2\/pages\/1619"}],"collection":[{"href":"https:\/\/www.galeria-bemowo.pl\/en\/wp-json\/wp\/v2\/pages"}],"about":[{"href":"https:\/\/www.galeria-bemowo.pl\/en\/wp-json\/wp\/v2\/types\/page"}],"author":[{"embeddable":true,"href":"https:\/\/www.galeria-bemowo.pl\/en\/wp-json\/wp\/v2\/users\/1"}],"replies":[{"embeddable":true,"href":"https:\/\/www.galeria-bemowo.pl\/en\/wp-json\/wp\/v2\/comments?post=1619"}],"version-history":[{"count":0,"href":"https:\/\/www.galeria-bemowo.pl\/en\/wp-json\/wp\/v2\/pages\/1619\/revisions"}],"wp:attachment":[{"href":"https:\/\/www.galeria-bemowo.pl\/en\/wp-json\/wp\/v2\/media?parent=1619"}],"curies":[{"name":"wp","href":"https:\/\/api.w.org\/{rel}","templated":true}]}}